{"id":124,"date":"2025-12-29T18:23:46","date_gmt":"2025-12-29T17:23:46","guid":{"rendered":"https:\/\/www.otempspasse.fr\/?page_id=124"},"modified":"2025-12-29T19:41:33","modified_gmt":"2025-12-29T18:41:33","slug":"collection","status":"publish","type":"page","link":"https:\/\/www.otempspasse.fr\/index.php\/collection\/","title":{"rendered":"Ma Collection"},"content":{"rendered":"\n<p><strong>Decouvrez ici ma collection..<\/strong><\/p>\n\n\n\n<p>Je d\u00e9marre par ma collection Phoenix. <strong><em>Phoenix vous connaissez ? <\/em><\/strong> Vous devriez ..Une soci\u00e9t\u00e9 qui a fait un bref passage mais qui se voulait peut \u00eatre trop perfectionniste. C&#8217;est un ami qui l&#8217;avait cr\u00e9e et je lui dois tout mon respect. Sachant que le Phoenix renait toujours de  ses cendres.<\/p>\n\n\n\n<p>Les items sont souvent gard\u00e9 pour une valeur sentimentale&#8230;<\/p>\n\n\n\n<div class=\"wp-block-columns is-layout-flex wp-container-core-columns-is-layout-28f84493 wp-block-columns-is-layout-flex\">\n<div class=\"wp-block-column is-layout-flow wp-block-column-is-layout-flow\" style=\"flex-basis:100%\">\n<div class=\"wp-block-columns is-layout-flex wp-container-core-columns-is-layout-28f84493 wp-block-columns-is-layout-flex\">\n<div class=\"wp-block-column is-layout-flow wp-block-column-is-layout-flow\" style=\"flex-basis:100%\">\n<div class=\"wp-block-columns is-layout-flex wp-container-core-columns-is-layout-28f84493 wp-block-columns-is-layout-flex\">\n<div class=\"wp-block-column is-layout-flow wp-block-column-is-layout-flow\" style=\"flex-basis:100%\">\n<figure class=\"wp-block-image is-resized\"><img loading=\"lazy\" decoding=\"async\" width=\"1642\" height=\"2560\" src=\"http:\/\/www.otempspasse.fr\/wp-content\/uploads\/2025\/12\/2025-12-29-15-03-49_010-scaled.jpg\" alt=\"\" class=\"wp-image-125\" style=\"aspect-ratio:0.6414178710834476;width:651px;height:auto\" srcset=\"https:\/\/www.otempspasse.fr\/wp-content\/uploads\/2025\/12\/2025-12-29-15-03-49_010-scaled.jpg 1642w, https:\/\/www.otempspasse.fr\/wp-content\/uploads\/2025\/12\/2025-12-29-15-03-49_010-192x300.jpg 192w, https:\/\/www.otempspasse.fr\/wp-content\/uploads\/2025\/12\/2025-12-29-15-03-49_010-657x1024.jpg 657w, https:\/\/www.otempspasse.fr\/wp-content\/uploads\/2025\/12\/2025-12-29-15-03-49_010-768x1198.jpg 768w, https:\/\/www.otempspasse.fr\/wp-content\/uploads\/2025\/12\/2025-12-29-15-03-49_010-985x1536.jpg 985w, https:\/\/www.otempspasse.fr\/wp-content\/uploads\/2025\/12\/2025-12-29-15-03-49_010-1313x2048.jpg 1313w, https:\/\/www.otempspasse.fr\/wp-content\/uploads\/2025\/12\/2025-12-29-15-03-49_010-600x936.jpg 600w\" sizes=\"auto, (max-width: 1642px) 100vw, 1642px\" \/><\/figure>\n\n\n\n<p>LIBEGON V FA 164\/172 <\/p>\n\n\n\n<figure class=\"wp-block-image size-large\"><img loading=\"lazy\" decoding=\"async\" width=\"662\" height=\"1024\" src=\"https:\/\/www.otempspasse.fr\/wp-content\/uploads\/2025\/12\/2025-12-29-15-03-49_014-662x1024.jpg\" alt=\"\" class=\"wp-image-126\" srcset=\"https:\/\/www.otempspasse.fr\/wp-content\/uploads\/2025\/12\/2025-12-29-15-03-49_014-662x1024.jpg 662w, https:\/\/www.otempspasse.fr\/wp-content\/uploads\/2025\/12\/2025-12-29-15-03-49_014-194x300.jpg 194w, https:\/\/www.otempspasse.fr\/wp-content\/uploads\/2025\/12\/2025-12-29-15-03-49_014-768x1187.jpg 768w, https:\/\/www.otempspasse.fr\/wp-content\/uploads\/2025\/12\/2025-12-29-15-03-49_014-993x1536.jpg 993w, https:\/\/www.otempspasse.fr\/wp-content\/uploads\/2025\/12\/2025-12-29-15-03-49_014-1325x2048.jpg 1325w, https:\/\/www.otempspasse.fr\/wp-content\/uploads\/2025\/12\/2025-12-29-15-03-49_014-600x928.jpg 600w, https:\/\/www.otempspasse.fr\/wp-content\/uploads\/2025\/12\/2025-12-29-15-03-49_014-scaled.jpg 1656w\" sizes=\"auto, (max-width: 662px) 100vw, 662px\" \/><\/figure>\n\n\n\n<p>MIRAIDON EX FA 253\/198<\/p>\n\n\n\n<figure class=\"wp-block-image size-large is-resized\"><img loading=\"lazy\" decoding=\"async\" width=\"673\" height=\"1024\" src=\"https:\/\/www.otempspasse.fr\/wp-content\/uploads\/2025\/12\/2025-12-29-15-03-49_013-673x1024.jpg\" alt=\"\" class=\"wp-image-127\" style=\"aspect-ratio:0.6572320850800439;width:653px;height:auto\" srcset=\"https:\/\/www.otempspasse.fr\/wp-content\/uploads\/2025\/12\/2025-12-29-15-03-49_013-673x1024.jpg 673w, https:\/\/www.otempspasse.fr\/wp-content\/uploads\/2025\/12\/2025-12-29-15-03-49_013-197x300.jpg 197w, https:\/\/www.otempspasse.fr\/wp-content\/uploads\/2025\/12\/2025-12-29-15-03-49_013-768x1169.jpg 768w, https:\/\/www.otempspasse.fr\/wp-content\/uploads\/2025\/12\/2025-12-29-15-03-49_013-1009x1536.jpg 1009w, https:\/\/www.otempspasse.fr\/wp-content\/uploads\/2025\/12\/2025-12-29-15-03-49_013-1345x2048.jpg 1345w, https:\/\/www.otempspasse.fr\/wp-content\/uploads\/2025\/12\/2025-12-29-15-03-49_013-600x913.jpg 600w, https:\/\/www.otempspasse.fr\/wp-content\/uploads\/2025\/12\/2025-12-29-15-03-49_013-scaled.jpg 1682w\" sizes=\"auto, (max-width: 673px) 100vw, 673px\" \/><\/figure>\n\n\n\n<p>NYMPHALI OBSCUR V SWSH134<\/p>\n\n\n\n<figure class=\"wp-block-image size-large is-resized\"><img loading=\"lazy\" decoding=\"async\" width=\"702\" height=\"1024\" src=\"https:\/\/www.otempspasse.fr\/wp-content\/uploads\/2025\/12\/2025-12-29-15-03-49_011-702x1024.jpg\" alt=\"\" class=\"wp-image-128\" style=\"aspect-ratio:0.6855521137972208;width:641px;height:auto\" srcset=\"https:\/\/www.otempspasse.fr\/wp-content\/uploads\/2025\/12\/2025-12-29-15-03-49_011-702x1024.jpg 702w, https:\/\/www.otempspasse.fr\/wp-content\/uploads\/2025\/12\/2025-12-29-15-03-49_011-206x300.jpg 206w, https:\/\/www.otempspasse.fr\/wp-content\/uploads\/2025\/12\/2025-12-29-15-03-49_011-768x1120.jpg 768w, https:\/\/www.otempspasse.fr\/wp-content\/uploads\/2025\/12\/2025-12-29-15-03-49_011-1054x1536.jpg 1054w, https:\/\/www.otempspasse.fr\/wp-content\/uploads\/2025\/12\/2025-12-29-15-03-49_011-1405x2048.jpg 1405w, https:\/\/www.otempspasse.fr\/wp-content\/uploads\/2025\/12\/2025-12-29-15-03-49_011-600x875.jpg 600w, https:\/\/www.otempspasse.fr\/wp-content\/uploads\/2025\/12\/2025-12-29-15-03-49_011-scaled.jpg 1756w\" sizes=\"auto, (max-width: 702px) 100vw, 702px\" \/><\/figure>\n\n\n\n<p>GARDEVOIR EX FA 245\/198<\/p>\n\n\n\n<figure class=\"wp-block-image size-large is-resized\"><img loading=\"lazy\" decoding=\"async\" width=\"630\" height=\"1024\" src=\"https:\/\/www.otempspasse.fr\/wp-content\/uploads\/2025\/12\/2025-12-29-15-03-49_006-630x1024.jpg\" alt=\"\" class=\"wp-image-129\" style=\"width:606px;height:auto\" srcset=\"https:\/\/www.otempspasse.fr\/wp-content\/uploads\/2025\/12\/2025-12-29-15-03-49_006-630x1024.jpg 630w, https:\/\/www.otempspasse.fr\/wp-content\/uploads\/2025\/12\/2025-12-29-15-03-49_006-185x300.jpg 185w, https:\/\/www.otempspasse.fr\/wp-content\/uploads\/2025\/12\/2025-12-29-15-03-49_006-768x1248.jpg 768w, https:\/\/www.otempspasse.fr\/wp-content\/uploads\/2025\/12\/2025-12-29-15-03-49_006-946x1536.jpg 946w, https:\/\/www.otempspasse.fr\/wp-content\/uploads\/2025\/12\/2025-12-29-15-03-49_006-1261x2048.jpg 1261w, https:\/\/www.otempspasse.fr\/wp-content\/uploads\/2025\/12\/2025-12-29-15-03-49_006-600x975.jpg 600w, https:\/\/www.otempspasse.fr\/wp-content\/uploads\/2025\/12\/2025-12-29-15-03-49_006-scaled.jpg 1576w\" sizes=\"auto, (max-width: 630px) 100vw, 630px\" \/><\/figure>\n\n\n\n<p>GALARIAN MOLTRES V FA 242\/184<\/p>\n\n\n\n<figure class=\"wp-block-image size-large is-resized\"><img loading=\"lazy\" decoding=\"async\" width=\"699\" height=\"1024\" src=\"https:\/\/www.otempspasse.fr\/wp-content\/uploads\/2025\/12\/2025-12-29-15-03-49_005-699x1024.jpg\" alt=\"\" class=\"wp-image-135\" style=\"width:597px;height:auto\" srcset=\"https:\/\/www.otempspasse.fr\/wp-content\/uploads\/2025\/12\/2025-12-29-15-03-49_005-699x1024.jpg 699w, https:\/\/www.otempspasse.fr\/wp-content\/uploads\/2025\/12\/2025-12-29-15-03-49_005-205x300.jpg 205w, https:\/\/www.otempspasse.fr\/wp-content\/uploads\/2025\/12\/2025-12-29-15-03-49_005-768x1125.jpg 768w, https:\/\/www.otempspasse.fr\/wp-content\/uploads\/2025\/12\/2025-12-29-15-03-49_005-1048x1536.jpg 1048w, https:\/\/www.otempspasse.fr\/wp-content\/uploads\/2025\/12\/2025-12-29-15-03-49_005-1398x2048.jpg 1398w, https:\/\/www.otempspasse.fr\/wp-content\/uploads\/2025\/12\/2025-12-29-15-03-49_005-600x879.jpg 600w, https:\/\/www.otempspasse.fr\/wp-content\/uploads\/2025\/12\/2025-12-29-15-03-49_005-scaled.jpg 1747w\" sizes=\"auto, (max-width: 699px) 100vw, 699px\" \/><\/figure>\n\n\n\n<p>Carchacrok c niv x 145\/147<\/p>\n\n\n\n<figure class=\"wp-block-image size-large is-resized\"><img loading=\"lazy\" decoding=\"async\" width=\"659\" height=\"1024\" src=\"https:\/\/www.otempspasse.fr\/wp-content\/uploads\/2025\/12\/2025-12-29-15-03-49_004-659x1024.jpg\" alt=\"\" class=\"wp-image-138\" style=\"aspect-ratio:0.6435601198117245;width:591px;height:auto\" srcset=\"https:\/\/www.otempspasse.fr\/wp-content\/uploads\/2025\/12\/2025-12-29-15-03-49_004-659x1024.jpg 659w, https:\/\/www.otempspasse.fr\/wp-content\/uploads\/2025\/12\/2025-12-29-15-03-49_004-193x300.jpg 193w, https:\/\/www.otempspasse.fr\/wp-content\/uploads\/2025\/12\/2025-12-29-15-03-49_004-768x1194.jpg 768w, https:\/\/www.otempspasse.fr\/wp-content\/uploads\/2025\/12\/2025-12-29-15-03-49_004-988x1536.jpg 988w, https:\/\/www.otempspasse.fr\/wp-content\/uploads\/2025\/12\/2025-12-29-15-03-49_004-1317x2048.jpg 1317w, https:\/\/www.otempspasse.fr\/wp-content\/uploads\/2025\/12\/2025-12-29-15-03-49_004-600x933.jpg 600w, https:\/\/www.otempspasse.fr\/wp-content\/uploads\/2025\/12\/2025-12-29-15-03-49_004-scaled.jpg 1646w\" sizes=\"auto, (max-width: 659px) 100vw, 659px\" \/><\/figure>\n\n\n\n<p>CORVIKMIGHT VMAX FA VMAX CLIMAX  249\/184<\/p>\n\n\n\n<figure class=\"wp-block-image size-large is-resized\"><img loading=\"lazy\" decoding=\"async\" width=\"670\" height=\"1024\" src=\"https:\/\/www.otempspasse.fr\/wp-content\/uploads\/2025\/12\/2025-12-29-15-03-49_012-670x1024.jpg\" alt=\"\" class=\"wp-image-140\" style=\"width:593px;height:auto\" srcset=\"https:\/\/www.otempspasse.fr\/wp-content\/uploads\/2025\/12\/2025-12-29-15-03-49_012-670x1024.jpg 670w, https:\/\/www.otempspasse.fr\/wp-content\/uploads\/2025\/12\/2025-12-29-15-03-49_012-196x300.jpg 196w, https:\/\/www.otempspasse.fr\/wp-content\/uploads\/2025\/12\/2025-12-29-15-03-49_012-768x1173.jpg 768w, https:\/\/www.otempspasse.fr\/wp-content\/uploads\/2025\/12\/2025-12-29-15-03-49_012-1005x1536.jpg 1005w, https:\/\/www.otempspasse.fr\/wp-content\/uploads\/2025\/12\/2025-12-29-15-03-49_012-1341x2048.jpg 1341w, https:\/\/www.otempspasse.fr\/wp-content\/uploads\/2025\/12\/2025-12-29-15-03-49_012-600x917.jpg 600w, https:\/\/www.otempspasse.fr\/wp-content\/uploads\/2025\/12\/2025-12-29-15-03-49_012-scaled.jpg 1676w\" sizes=\"auto, (max-width: 670px) 100vw, 670px\" \/><\/figure>\n<\/div>\n<\/div>\n<\/div>\n<\/div>\n<\/div>\n<\/div>\n\n\n\n<p>ARCHE D&#8217;ENERGIE NEO DISCOVERY 75\/75<\/p>\n\n\n\n<figure class=\"wp-block-image size-large is-resized\"><img loading=\"lazy\" decoding=\"async\" width=\"670\" height=\"1024\" src=\"https:\/\/www.otempspasse.fr\/wp-content\/uploads\/2025\/12\/2025-12-29-15-03-49_008-670x1024.jpg\" alt=\"\" class=\"wp-image-142\" style=\"width:585px;height:auto\" srcset=\"https:\/\/www.otempspasse.fr\/wp-content\/uploads\/2025\/12\/2025-12-29-15-03-49_008-670x1024.jpg 670w, https:\/\/www.otempspasse.fr\/wp-content\/uploads\/2025\/12\/2025-12-29-15-03-49_008-196x300.jpg 196w, https:\/\/www.otempspasse.fr\/wp-content\/uploads\/2025\/12\/2025-12-29-15-03-49_008-768x1174.jpg 768w, https:\/\/www.otempspasse.fr\/wp-content\/uploads\/2025\/12\/2025-12-29-15-03-49_008-1005x1536.jpg 1005w, https:\/\/www.otempspasse.fr\/wp-content\/uploads\/2025\/12\/2025-12-29-15-03-49_008-1339x2048.jpg 1339w, https:\/\/www.otempspasse.fr\/wp-content\/uploads\/2025\/12\/2025-12-29-15-03-49_008-600x917.jpg 600w, https:\/\/www.otempspasse.fr\/wp-content\/uploads\/2025\/12\/2025-12-29-15-03-49_008-scaled.jpg 1674w\" sizes=\"auto, (max-width: 670px) 100vw, 670px\" \/><\/figure>\n\n\n\n<p>KRICKETUNE V FA VMAX 213\/184<\/p>\n\n\n\n<figure class=\"wp-block-image size-large is-resized\"><img loading=\"lazy\" decoding=\"async\" width=\"731\" height=\"1024\" src=\"https:\/\/www.otempspasse.fr\/wp-content\/uploads\/2025\/12\/2025-12-29-15-03-49_002-731x1024.jpg\" alt=\"\" class=\"wp-image-144\" style=\"aspect-ratio:0.7138711549622752;width:692px;height:auto\" srcset=\"https:\/\/www.otempspasse.fr\/wp-content\/uploads\/2025\/12\/2025-12-29-15-03-49_002-731x1024.jpg 731w, https:\/\/www.otempspasse.fr\/wp-content\/uploads\/2025\/12\/2025-12-29-15-03-49_002-214x300.jpg 214w, https:\/\/www.otempspasse.fr\/wp-content\/uploads\/2025\/12\/2025-12-29-15-03-49_002-768x1076.jpg 768w, https:\/\/www.otempspasse.fr\/wp-content\/uploads\/2025\/12\/2025-12-29-15-03-49_002-1097x1536.jpg 1097w, https:\/\/www.otempspasse.fr\/wp-content\/uploads\/2025\/12\/2025-12-29-15-03-49_002-1462x2048.jpg 1462w, https:\/\/www.otempspasse.fr\/wp-content\/uploads\/2025\/12\/2025-12-29-15-03-49_002-600x840.jpg 600w, https:\/\/www.otempspasse.fr\/wp-content\/uploads\/2025\/12\/2025-12-29-15-03-49_002-scaled.jpg 1828w\" sizes=\"auto, (max-width: 731px) 100vw, 731px\" \/><\/figure>\n\n\n\n<p>ICE RIDER CALYREX V FA VMAX 220\/184<\/p>\n\n\n\n<p><a href=\"https:\/\/www.otempspasse.fr\/index.php\/collection-suite\/\" data-type=\"page\" data-id=\"148\">La suite&#8230;.<\/a><\/p>\n\n\n\n<p><\/p>\n","protected":false},"excerpt":{"rendered":"<p>Decouvrez ici ma collection.. Je d\u00e9marre par ma collection Phoenix. Phoenix vous connaissez ? Vous devriez ..Une soci\u00e9t\u00e9 qui a fait un bref passage mais qui se voulait peut \u00eatre trop perfectionniste. C&#8217;est un ami qui l&#8217;avait cr\u00e9e et je lui dois tout mon respect. Sachant que le Phoenix renait toujours de ses cendres. Les [&hellip;]<\/p>\n","protected":false},"author":1,"featured_media":0,"parent":0,"menu_order":0,"comment_status":"closed","ping_status":"closed","template":"","meta":{"footnotes":""},"class_list":["post-124","page","type-page","status-publish","hentry"],"_links":{"self":[{"href":"https:\/\/www.otempspasse.fr\/index.php\/wp-json\/wp\/v2\/pages\/124","targetHints":{"allow":["GET"]}}],"collection":[{"href":"https:\/\/www.otempspasse.fr\/index.php\/wp-json\/wp\/v2\/pages"}],"about":[{"href":"https:\/\/www.otempspasse.fr\/index.php\/wp-json\/wp\/v2\/types\/page"}],"author":[{"embeddable":true,"href":"https:\/\/www.otempspasse.fr\/index.php\/wp-json\/wp\/v2\/users\/1"}],"replies":[{"embeddable":true,"href":"https:\/\/www.otempspasse.fr\/index.php\/wp-json\/wp\/v2\/comments?post=124"}],"version-history":[{"count":12,"href":"https:\/\/www.otempspasse.fr\/index.php\/wp-json\/wp\/v2\/pages\/124\/revisions"}],"predecessor-version":[{"id":158,"href":"https:\/\/www.otempspasse.fr\/index.php\/wp-json\/wp\/v2\/pages\/124\/revisions\/158"}],"wp:attachment":[{"href":"https:\/\/www.otempspasse.fr\/index.php\/wp-json\/wp\/v2\/media?parent=124"}],"curies":[{"name":"wp","href":"https:\/\/api.w.org\/{rel}","templated":true}]}}